{"id":91117,"date":"2022-06-08T08:47:12","date_gmt":"2022-06-08T08:47:12","guid":{"rendered":"https:\/\/hopintaxi.com\/iqos-friendly\/"},"modified":"2023-08-31T10:46:42","modified_gmt":"2023-08-31T10:46:42","slug":"iqos-friendly","status":"publish","type":"page","link":"https:\/\/hopinaplikacia.sk\/en\/iqos-friendly\/","title":{"rendered":"HOPIN IQOS FRIENDLY"},"content":{"rendered":"","protected":false},"excerpt":{"rendered":"","protected":false},"author":2,"featured_media":0,"parent":0,"menu_order":0,"comment_status":"closed","ping_status":"closed","template":"template-pages\/page-hero-header.php","meta":{"_acf_changed":false,"_mo_disable_npp":"","inline_featured_image":false,"footnotes":""},"tags":[55,56,57],"class_list":["post-91117","page","type-page","status-publish","hentry","tag-taxi-bratislava-en","tag-taxi-v-bratislave-en","tag-taxik-bratislava-en"],"acf":[],"yoast_head":"<!-- This site is optimized with the Yoast SEO plugin v23.8 - https:\/\/yoast.com\/wordpress\/plugins\/seo\/ -->\n<title>HOPIN IQOS FRIENDLY taxis \u2013 smokeless taxis<\/title>\n<meta name=\"description\" content=\"Slovakia has introduced a European phenomenon. Smokeless HOPIN taxis. Dozens of specially marked IQOS FRIENDLY taxis will be hitting the streets of the capital in June, allowing adult clients to enjoy smoke-free alternatives to conventional cigarettes during their journey.\" \/>\n<meta name=\"robots\" content=\"index, follow, max-snippet:-1, max-image-preview:large, max-video-preview:-1\" \/>\n<link rel=\"canonical\" href=\"https:\/\/hopinaplikacia.sk\/en\/iqos-friendly\/\" \/>\n<meta property=\"og:locale\" content=\"en_US\" \/>\n<meta property=\"og:type\" content=\"article\" \/>\n<meta property=\"og:title\" content=\"HOPIN IQOS FRIENDLY taxis \u2013 smoke-free taxis\" \/>\n<meta property=\"og:description\" content=\"Slovakia has introduced a European phenomenon. Smoke-free HOPIN taxis. Dozens of specially marked IQOS FRIENDLY taxis will be hitting the streets of the capital in June, allowing adult clients to enjoy smoke-free alternatives to conventional cigarettes during their journey.\" \/>\n<meta property=\"og:url\" content=\"https:\/\/hopinaplikacia.sk\/en\/iqos-friendly\/\" \/>\n<meta property=\"og:site_name\" content=\"Wordpress\" \/>\n<meta property=\"article:modified_time\" content=\"2023-08-31T10:46:42+00:00\" \/>\n<meta property=\"og:image\" content=\"https:\/\/hopinaplikacia.sk\/wp-content\/uploads\/2000\/06\/hopin-iqos-friendly.png\" \/>\n\t<meta property=\"og:image:width\" content=\"1920\" \/>\n\t<meta property=\"og:image:height\" content=\"1080\" \/>\n\t<meta property=\"og:image:type\" content=\"image\/png\" \/>\n<meta name=\"twitter:card\" content=\"summary_large_image\" \/>\n<meta name=\"twitter:title\" content=\"HOPIN IQOS Friendly tax\u00edky - bezdymov\u00e9 tax\u00edky\" \/>\n<meta name=\"twitter:description\" content=\"Slovensko m\u00e1 eur\u00f3psky unik\u00e1t. Bezdymov\u00e9 HOPIN tax\u00edky. Ulice hlavn\u00e9ho mesta za\u010d\u00ednaj\u00fa od j\u00fana br\u00e1zdi\u0165desiatky \u0161peci\u00e1lne ozna\u010den\u00fdch IQOS FRIENDLY tax\u00edkov.Tie umo\u017e\u0148uj\u00fa dospel\u00fdm z\u00e1kazn\u00edkom vyu\u017e\u00edva\u0165 po\u010das jazdybezdymov\u00e9 alternat\u00edvy ku klasick\u00fdm cigaret\u00e1m.\" \/>\n<script type=\"application\/ld+json\" class=\"yoast-schema-graph\">{\"@context\":\"https:\/\/schema.org\",\"@graph\":[{\"@type\":\"WebPage\",\"@id\":\"https:\/\/hopinaplikacia.sk\/en\/iqos-friendly\/\",\"url\":\"https:\/\/hopinaplikacia.sk\/en\/iqos-friendly\/\",\"name\":\"HOPIN IQOS FRIENDLY taxis \u2013 smokeless taxis\",\"isPartOf\":{\"@id\":\"https:\/\/hopinaplikacia.sk\/#website\"},\"datePublished\":\"2022-06-08T08:47:12+00:00\",\"dateModified\":\"2023-08-31T10:46:42+00:00\",\"description\":\"Slovakia has introduced a European phenomenon. Smokeless HOPIN taxis. Dozens of specially marked IQOS FRIENDLY taxis will be hitting the streets of the capital in June, allowing adult clients to enjoy smoke-free alternatives to conventional cigarettes during their journey.\",\"breadcrumb\":{\"@id\":\"https:\/\/hopinaplikacia.sk\/en\/iqos-friendly\/#breadcrumb\"},\"inLanguage\":\"en-US\",\"potentialAction\":[{\"@type\":\"ReadAction\",\"target\":[\"https:\/\/hopinaplikacia.sk\/en\/iqos-friendly\/\"]}]},{\"@type\":\"BreadcrumbList\",\"@id\":\"https:\/\/hopinaplikacia.sk\/en\/iqos-friendly\/#breadcrumb\",\"itemListElement\":[{\"@type\":\"ListItem\",\"position\":1,\"name\":\"Home\",\"item\":\"https:\/\/hopinaplikacia.sk\/en\/\"},{\"@type\":\"ListItem\",\"position\":2,\"name\":\"HOPIN IQOS FRIENDLY\"}]},{\"@type\":\"WebSite\",\"@id\":\"https:\/\/hopinaplikacia.sk\/#website\",\"url\":\"https:\/\/hopinaplikacia.sk\/\",\"name\":\"Wordpress\",\"description\":\"Just another WordPress site\",\"potentialAction\":[{\"@type\":\"SearchAction\",\"target\":{\"@type\":\"EntryPoint\",\"urlTemplate\":\"https:\/\/hopinaplikacia.sk\/?s={search_term_string}\"},\"query-input\":{\"@type\":\"PropertyValueSpecification\",\"valueRequired\":true,\"valueName\":\"search_term_string\"}}],\"inLanguage\":\"en-US\"}]}<\/script>\n<!-- \/ Yoast SEO plugin. -->","yoast_head_json":{"title":"HOPIN IQOS FRIENDLY taxis \u2013 smokeless taxis","description":"Slovakia has introduced a European phenomenon. Smokeless HOPIN taxis. Dozens of specially marked IQOS FRIENDLY taxis will be hitting the streets of the capital in June, allowing adult clients to enjoy smoke-free alternatives to conventional cigarettes during their journey.","robots":{"index":"index","follow":"follow","max-snippet":"max-snippet:-1","max-image-preview":"max-image-preview:large","max-video-preview":"max-video-preview:-1"},"canonical":"https:\/\/hopinaplikacia.sk\/en\/iqos-friendly\/","og_locale":"en_US","og_type":"article","og_title":"HOPIN IQOS FRIENDLY taxis \u2013 smoke-free taxis","og_description":"Slovakia has introduced a European phenomenon. Smoke-free HOPIN taxis. Dozens of specially marked IQOS FRIENDLY taxis will be hitting the streets of the capital in June, allowing adult clients to enjoy smoke-free alternatives to conventional cigarettes during their journey.","og_url":"https:\/\/hopinaplikacia.sk\/en\/iqos-friendly\/","og_site_name":"Wordpress","article_modified_time":"2023-08-31T10:46:42+00:00","og_image":[{"width":1920,"height":1080,"url":"https:\/\/hopinaplikacia.sk\/wp-content\/uploads\/2000\/06\/hopin-iqos-friendly.png","type":"image\/png"}],"twitter_card":"summary_large_image","twitter_title":"HOPIN IQOS Friendly tax\u00edky - bezdymov\u00e9 tax\u00edky","twitter_description":"Slovensko m\u00e1 eur\u00f3psky unik\u00e1t. Bezdymov\u00e9 HOPIN tax\u00edky. Ulice hlavn\u00e9ho mesta za\u010d\u00ednaj\u00fa od j\u00fana br\u00e1zdi\u0165desiatky \u0161peci\u00e1lne ozna\u010den\u00fdch IQOS FRIENDLY tax\u00edkov.Tie umo\u017e\u0148uj\u00fa dospel\u00fdm z\u00e1kazn\u00edkom vyu\u017e\u00edva\u0165 po\u010das jazdybezdymov\u00e9 alternat\u00edvy ku klasick\u00fdm cigaret\u00e1m.","schema":{"@context":"https:\/\/schema.org","@graph":[{"@type":"WebPage","@id":"https:\/\/hopinaplikacia.sk\/en\/iqos-friendly\/","url":"https:\/\/hopinaplikacia.sk\/en\/iqos-friendly\/","name":"HOPIN IQOS FRIENDLY taxis \u2013 smokeless taxis","isPartOf":{"@id":"https:\/\/hopinaplikacia.sk\/#website"},"datePublished":"2022-06-08T08:47:12+00:00","dateModified":"2023-08-31T10:46:42+00:00","description":"Slovakia has introduced a European phenomenon. Smokeless HOPIN taxis. Dozens of specially marked IQOS FRIENDLY taxis will be hitting the streets of the capital in June, allowing adult clients to enjoy smoke-free alternatives to conventional cigarettes during their journey.","breadcrumb":{"@id":"https:\/\/hopinaplikacia.sk\/en\/iqos-friendly\/#breadcrumb"},"inLanguage":"en-US","potentialAction":[{"@type":"ReadAction","target":["https:\/\/hopinaplikacia.sk\/en\/iqos-friendly\/"]}]},{"@type":"BreadcrumbList","@id":"https:\/\/hopinaplikacia.sk\/en\/iqos-friendly\/#breadcrumb","itemListElement":[{"@type":"ListItem","position":1,"name":"Home","item":"https:\/\/hopinaplikacia.sk\/en\/"},{"@type":"ListItem","position":2,"name":"HOPIN IQOS FRIENDLY"}]},{"@type":"WebSite","@id":"https:\/\/hopinaplikacia.sk\/#website","url":"https:\/\/hopinaplikacia.sk\/","name":"Wordpress","description":"Just another WordPress site","potentialAction":[{"@type":"SearchAction","target":{"@type":"EntryPoint","urlTemplate":"https:\/\/hopinaplikacia.sk\/?s={search_term_string}"},"query-input":{"@type":"PropertyValueSpecification","valueRequired":true,"valueName":"search_term_string"}}],"inLanguage":"en-US"}]}},"_links":{"self":[{"href":"https:\/\/hopinaplikacia.sk\/en\/wp-json\/wp\/v2\/pages\/91117","targetHints":{"allow":["GET"]}}],"collection":[{"href":"https:\/\/hopinaplikacia.sk\/en\/wp-json\/wp\/v2\/pages"}],"about":[{"href":"https:\/\/hopinaplikacia.sk\/en\/wp-json\/wp\/v2\/types\/page"}],"author":[{"embeddable":true,"href":"https:\/\/hopinaplikacia.sk\/en\/wp-json\/wp\/v2\/users\/2"}],"replies":[{"embeddable":true,"href":"https:\/\/hopinaplikacia.sk\/en\/wp-json\/wp\/v2\/comments?post=91117"}],"version-history":[{"count":0,"href":"https:\/\/hopinaplikacia.sk\/en\/wp-json\/wp\/v2\/pages\/91117\/revisions"}],"wp:attachment":[{"href":"https:\/\/hopinaplikacia.sk\/en\/wp-json\/wp\/v2\/media?parent=91117"}],"wp:term":[{"taxonomy":"post_tag","embeddable":true,"href":"https:\/\/hopinaplikacia.sk\/en\/wp-json\/wp\/v2\/tags?post=91117"}],"curies":[{"name":"wp","href":"https:\/\/api.w.org\/{rel}","templated":true}]}}